{"id":33,"date":"2018-01-31T12:47:51","date_gmt":"2018-01-31T12:47:51","guid":{"rendered":"https:\/\/vanhavillatehdas.fi\/devaus\/?page_id=33"},"modified":"2018-02-07T17:49:28","modified_gmt":"2018-02-07T17:49:28","slug":"news-and-exhibitions","status":"publish","type":"page","link":"https:\/\/kaijahinkula.com\/?page_id=33","title":{"rendered":"News &#038; Exhibitions"},"content":{"rendered":"    <div data-options='{&quot;id&quot;:&quot;182&quot;,&quot;lazy_load&quot;:&quot;no&quot;,&quot;masonry_enable&quot;:&quot;yes&quot;,&quot;view_type&quot;:&quot;grid&quot;}' id=\"post-grid-182\" class=\"post-grid grid\">\n    \n\n\n    <div class=\"grid-items\">\n      <div class=\"item item-2289 skin flat even 0 \">\n        <div class=\"layer-wrapper layout-\">\n        <div class=\"layer-media\"><a href=\"https:\/\/kaijahinkula.com\/?p=2289\"><img decoding=\"async\" alt=\"\" src=\"https:\/\/kaijahinkula.com\/wp-content\/uploads\/2026\/01\/blahblah.jpg\" \/><\/a><\/div>\n  <div class=\"layer-content\">\n        <div class=\"element element_0  title \">\r\n                    <a target=\"\"\r\n                href=\"https:\/\/kaijahinkula.com\/?p=2289\">HOLDING PATTERN \/ Blah Blah Gallery, US<\/a>\r\n            <\/div>\r\n    <div class=\"element element_1  excerpt \">\r\n        Opening Reception: Saturday, January 17, 2025, 7\u201310 PMOn View: November 17 \u2013 February 28, 2025907 Christian Street, Philadelphia PA 19147            <\/div>\r\n            <a class=\"element element_2  read_more \"\r\n            target=\"_self\"\r\n            href=\"https:\/\/kaijahinkula.com\/?p=2289\">Read more &raquo;<\/a>\r\n      <\/div>\n    <\/div>\n  <\/div><div class=\"item item-2275 skin flat odd 1 \">\n        <div class=\"layer-wrapper layout-\">\n        <div class=\"layer-media\"><a href=\"https:\/\/kaijahinkula.com\/?p=2275\"><img decoding=\"async\" alt=\"\" src=\"https:\/\/kaijahinkula.com\/wp-content\/uploads\/2025\/12\/Nayttokuva-2025-12-18-192402-241x300.jpg\" \/><\/a><\/div>\n  <div class=\"layer-content\">\n        <div class=\"element element_0  title \">\r\n                    <a target=\"\"\r\n                href=\"https:\/\/kaijahinkula.com\/?p=2275\">Flow3r+hors3=yEllow \/ Industra CZ<\/a>\r\n            <\/div>\r\n    <div class=\"element element_1  excerpt \">\r\n        10.12.2025 -18.2.2026 Flow3r+hors3=yEllow is a new joint exhibition by Aho &amp; Hinkula, where order and chaos, dice, barcodes, and sandwich            <\/div>\r\n            <a class=\"element element_2  read_more \"\r\n            target=\"_self\"\r\n            href=\"https:\/\/kaijahinkula.com\/?p=2275\">Read more &raquo;<\/a>\r\n      <\/div>\n    <\/div>\n  <\/div><div class=\"item item-2248 skin flat even 2 \">\n        <div class=\"layer-wrapper layout-\">\n        <div class=\"layer-media\"><a href=\"https:\/\/kaijahinkula.com\/?p=2248\"><img decoding=\"async\" alt=\"\" src=\"https:\/\/kaijahinkula.com\/wp-content\/uploads\/2025\/10\/kaijahinkulaportrait-231x300.jpg\" \/><\/a><\/div>\n  <div class=\"layer-content\">\n        <div class=\"element element_0  title \">\r\n                    <a target=\"\"\r\n                href=\"https:\/\/kaijahinkula.com\/?p=2248\">\u300cA House in Translation\u300d\/ Chengdu, China<\/a>\r\n            <\/div>\r\n    <div class=\"element element_1  excerpt \">\r\n        \u300cA House in Translation\u300dEvery Room Speaks Its Own Language 20.9.- 21.10.2025 The 2025 RE-CREATE Residency Art Season, themed \u201cTen Rooms            <\/div>\r\n            <a class=\"element element_2  read_more \"\r\n            target=\"_self\"\r\n            href=\"https:\/\/kaijahinkula.com\/?p=2248\">Read more &raquo;<\/a>\r\n      <\/div>\n    <\/div>\n  <\/div><div class=\"item item-2231 skin flat odd 3 \">\n        <div class=\"layer-wrapper layout-\">\n        <div class=\"layer-media\"><a href=\"https:\/\/kaijahinkula.com\/?p=2231\"><img decoding=\"async\" alt=\"\" src=\"https:\/\/kaijahinkula.com\/wp-content\/uploads\/2025\/10\/mitabiennaali-292x300.jpg\" \/><\/a><\/div>\n  <div class=\"layer-content\">\n        <div class=\"element element_0  title \">\r\n                    <a target=\"\"\r\n                href=\"https:\/\/kaijahinkula.com\/?p=2231\">M_it\u00e4? Biennale of Contemporary Art \/ Kumma Art Museum FI<\/a>\r\n            <\/div>\r\n    <div class=\"element element_1  excerpt \">\r\n        20.9. - 11.1.2026 M_it\u00e4? Biennale of Contemporary Art 20.9.2025\u201311.1.2026 At the Kuopio Biennial, nothing is ordinary.The artworks do not merely            <\/div>\r\n            <a class=\"element element_2  read_more \"\r\n            target=\"_self\"\r\n            href=\"https:\/\/kaijahinkula.com\/?p=2231\">Read more &raquo;<\/a>\r\n      <\/div>\n    <\/div>\n  <\/div><div class=\"item item-2227 skin flat even 4 \">\n        <div class=\"layer-wrapper layout-\">\n        <div class=\"layer-media\"><a href=\"https:\/\/kaijahinkula.com\/?p=2227\"><img decoding=\"async\" alt=\"\" src=\"https:\/\/kaijahinkula.com\/wp-content\/uploads\/2025\/10\/wwwathdw-240x300.jpg\" \/><\/a><\/div>\n  <div class=\"layer-content\">\n        <div class=\"element element_0  title \">\r\n                    <a target=\"\"\r\n                href=\"https:\/\/kaijahinkula.com\/?p=2227\">WWW Contemporary \/ Helsinki Design Week<\/a>\r\n            <\/div>\r\n    <div class=\"element element_1  excerpt \">\r\n        5. - 9.9.2025 \/ Suomitalo, Helsinki WWW Contemporary at HDW This collection includes all the works from WWW Contemporary's curated            <\/div>\r\n            <a class=\"element element_2  read_more \"\r\n            target=\"_self\"\r\n            href=\"https:\/\/kaijahinkula.com\/?p=2227\">Read more &raquo;<\/a>\r\n      <\/div>\n    <\/div>\n  <\/div><div class=\"item item-2224 skin flat odd 5 \">\n        <div class=\"layer-wrapper layout-\">\n        <div class=\"layer-media\"><a href=\"https:\/\/kaijahinkula.com\/?p=2224\"><img decoding=\"async\" alt=\"\" src=\"https:\/\/kaijahinkula.com\/wp-content\/uploads\/2025\/10\/511161242_10161136939026401_3670022184517898796_n-1-241x300.jpg\" \/><\/a><\/div>\n  <div class=\"layer-content\">\n        <div class=\"element element_0  title \">\r\n                    <a target=\"\"\r\n                href=\"https:\/\/kaijahinkula.com\/?p=2224\">Sirkka Biennale<\/a>\r\n            <\/div>\r\n    <div class=\"element element_1  excerpt \">\r\n        4. - 6.9.2025 \/ Sirkka, FI V SIRKKA ARTE BIENNALE 4.\u00a0\u2014 6.9.2025Aitta-Studio, 18 Muoniontie, SirkkaS\u00e4rest\u00f6niemi-museo, KaukonenGalleria Raekallio, P\u00f6nts\u00f6Pop-up Pohjoissein\u00e4 Utsuvaara,            <\/div>\r\n            <a class=\"element element_2  read_more \"\r\n            target=\"_self\"\r\n            href=\"https:\/\/kaijahinkula.com\/?p=2224\">Read more &raquo;<\/a>\r\n      <\/div>\n    <\/div>\n  <\/div><div class=\"item item-2145 skin flat even 6 \">\n        <div class=\"layer-wrapper layout-\">\n        <div class=\"layer-media\"><a href=\"https:\/\/kaijahinkula.com\/?p=2145\"><img decoding=\"async\" alt=\"\" src=\"https:\/\/kaijahinkula.com\/wp-content\/uploads\/2025\/05\/KaijaHinkulaKatto-300x192.jpg\" \/><\/a><\/div>\n  <div class=\"layer-content\">\n        <div class=\"element element_0  title \">\r\n                    <a target=\"\"\r\n                href=\"https:\/\/kaijahinkula.com\/?p=2145\">Kaija Hinkula on Playful Structures and Utopian Visions \/ Fciny<\/a>\r\n            <\/div>\r\n    <div class=\"element element_1  excerpt \">\r\n        29.4.2025 Article about my artistic practice and residency in ISCP by Finnish Cultural Institution in New York http:\/\/Kaija Hinkula on            <\/div>\r\n            <a class=\"element element_2  read_more \"\r\n            target=\"_self\"\r\n            href=\"https:\/\/kaijahinkula.com\/?p=2145\">Read more &raquo;<\/a>\r\n      <\/div>\n    <\/div>\n  <\/div><div class=\"item item-2065 skin flat odd 7 \">\n        <div class=\"layer-wrapper layout-\">\n        <div class=\"layer-media\"><a href=\"https:\/\/kaijahinkula.com\/?p=2065\"><img decoding=\"async\" alt=\"\" src=\"https:\/\/kaijahinkula.com\/wp-content\/uploads\/2025\/03\/KaijaHinkulaUusi-1-300x223.jpg\" \/><\/a><\/div>\n  <div class=\"layer-content\">\n        <div class=\"element element_0  title \">\r\n                    <a target=\"\"\r\n                href=\"https:\/\/kaijahinkula.com\/?p=2065\">The Fine Arts Academy of Finland Prize 2025<\/a>\r\n            <\/div>\r\n    <div class=\"element element_1  excerpt \">\r\n        I\u2019m thrilled to share that I\u2019ve been awarded the Fine Arts Academy of Finland Foundation Prize, alongside my fellow artists            <\/div>\r\n            <a class=\"element element_2  read_more \"\r\n            target=\"_self\"\r\n            href=\"https:\/\/kaijahinkula.com\/?p=2065\">Read more &raquo;<\/a>\r\n      <\/div>\n    <\/div>\n  <\/div><div class=\"item item-2059 skin flat even 8 \">\n        <div class=\"layer-wrapper layout-\">\n        <div class=\"layer-media\"><a href=\"https:\/\/kaijahinkula.com\/?p=2059\"><img decoding=\"async\" alt=\"\" src=\"https:\/\/kaijahinkula.com\/wp-content\/uploads\/2025\/08\/jalka-231x300.jpg\" \/><\/a><\/div>\n  <div class=\"layer-content\">\n        <div class=\"element element_0  title \">\r\n                    <a target=\"\"\r\n                href=\"https:\/\/kaijahinkula.com\/?p=2059\">ISCP \/ New York, US<\/a>\r\n            <\/div>\r\n    <div class=\"element element_1  excerpt \">\r\n        Currently working at International Studio &amp; Curatorial Program in Brooklyn, New York, USA ( JAN-JUN )supported by Saastamoinen Foundation &amp;            <\/div>\r\n            <a class=\"element element_2  read_more \"\r\n            target=\"_self\"\r\n            href=\"https:\/\/kaijahinkula.com\/?p=2059\">Read more &raquo;<\/a>\r\n      <\/div>\n    <\/div>\n  <\/div>    <\/div>\n    <div class=\"pagination\">\n      <div class=\"paginate\">\n    <span aria-current=\"page\" class=\"page-numbers current\">1<\/span>\n<a class=\"page-numbers\" href=\"https:\/\/kaijahinkula.com\/index.php?rest_route=%2Fwp%2Fv2%2Fpages%2F33&#038;paged=2\">2<\/a>\n<a class=\"page-numbers\" href=\"https:\/\/kaijahinkula.com\/index.php?rest_route=%2Fwp%2Fv2%2Fpages%2F33&#038;paged=3\">3<\/a>\n<span class=\"page-numbers dots\">&hellip;<\/span>\n<a class=\"page-numbers\" href=\"https:\/\/kaijahinkula.com\/index.php?rest_route=%2Fwp%2Fv2%2Fpages%2F33&#038;paged=8\">8<\/a>\n<a class=\"next page-numbers\" href=\"https:\/\/kaijahinkula.com\/index.php?rest_route=%2Fwp%2Fv2%2Fpages%2F33&#038;paged=2\">Next \u00bb<\/a>  <\/div>\n  <style type=\"text\/css\">\n    #post-grid-182 .pagination .page-numbers {\n      font-size: 17px;\n      color: #646464;\n      background: #646464;\n    }\n\n    #post-grid-182 .pagination .page-numbers:hover,\n    #post-grid-182 .pagination .page-numbers.current {\n      background: #4b4b4b;\n    }\n  <\/style>\n  <\/div>\n      <style type=\"text\/css\">\n      \/*Write your CSS code here*\/    <\/style>\n      <script>\n          \/*Write your js code here*\/          <\/script>\n    <style type=\"text\/css\">\n    #post-grid-182 .element_0 {\n      display: block;font-size: 21px;line-height: normal;padding: 5px 10px;text-align: left;font-family: &quot;Fira Sans&quot;, &quot;Open Sans&quot;, Arial, Helvetica, sans-serif;font-weight: 300;letter-spacing: -0.3px;padding-top: 15px;    }\n\n    #post-grid-182 .element_1 {\n      display: block;font-size: 12px;padding: 5px 10px;text-align: left;    }\n\n    #post-grid-182 .element_2 {\n      font-size:12px;display:block;padding:10px;text-align:right;    }\n\n    #post-grid-182 .element_0:hover{}#post-grid-182 .element_1:hover{}#post-grid-182 .element_2:hover{}  <\/style>\n  <style type=\"text\/css\">\n    #post-grid-182 {\n      padding: 10px;\n      background-color: #fff;\n          }\n\n    #post-grid-182 .item {\n      background: #f2f2f2;\n          }\n\n    #post-grid-182 .item .layer-media {\n      height:auto;    }\n\n    @media only screen and (min-width: 0px) and (max-width: 767px) {\n      #post-grid-182 .grid-items {\n        text-align: center;\n              }\n\n      #post-grid-182 .item {\n        width: 90%;\n        margin: 15px;\n        display: inline-block;\n        vertical-align: top;\n        height:auto;      }\n    }\n\n    @media only screen and (min-width: 768px) and (max-width: 1023px) {\n      #post-grid-182 .grid-items {\n        text-align: center;\n              }\n\n      #post-grid-182 .item {\n        width: 280px;\n        margin: 15px;\n        display: inline-block;\n        vertical-align: top;\n        max-height:auto;      }\n    }\n\n    @media only screen and (min-width: 1024px) {\n      #post-grid-182 .grid-items {\n        text-align: center;\n              }\n\n      #post-grid-182 .item {\n        width: 280px;\n        display: inline-block;\n        margin: 15px;\n        vertical-align: top;\n        height:auto;      }\n    }\n\n      <\/style>\n  <\/div>\n\n","protected":false},"excerpt":{"rendered":"","protected":false},"author":1,"featured_media":0,"parent":0,"menu_order":0,"comment_status":"closed","ping_status":"closed","template":"","meta":{"footnotes":""},"class_list":["post-33","page","type-page","status-publish","hentry"],"jetpack_sharing_enabled":true,"_links":{"self":[{"href":"https:\/\/kaijahinkula.com\/index.php?rest_route=\/wp\/v2\/pages\/33","targetHints":{"allow":["GET"]}}],"collection":[{"href":"https:\/\/kaijahinkula.com\/index.php?rest_route=\/wp\/v2\/pages"}],"about":[{"href":"https:\/\/kaijahinkula.com\/index.php?rest_route=\/wp\/v2\/types\/page"}],"author":[{"embeddable":true,"href":"https:\/\/kaijahinkula.com\/index.php?rest_route=\/wp\/v2\/users\/1"}],"replies":[{"embeddable":true,"href":"https:\/\/kaijahinkula.com\/index.php?rest_route=%2Fwp%2Fv2%2Fcomments&post=33"}],"version-history":[{"count":9,"href":"https:\/\/kaijahinkula.com\/index.php?rest_route=\/wp\/v2\/pages\/33\/revisions"}],"predecessor-version":[{"id":463,"href":"https:\/\/kaijahinkula.com\/index.php?rest_route=\/wp\/v2\/pages\/33\/revisions\/463"}],"wp:attachment":[{"href":"https:\/\/kaijahinkula.com\/index.php?rest_route=%2Fwp%2Fv2%2Fmedia&parent=33"}],"curies":[{"name":"wp","href":"https:\/\/api.w.org\/{rel}","templated":true}]}}