{"id":810,"date":"2018-02-14T14:27:59","date_gmt":"2018-02-14T14:27:59","guid":{"rendered":"https:\/\/vanhavillatehdas.fi\/devaus\/?page_id=810"},"modified":"2018-02-14T14:30:12","modified_gmt":"2018-02-14T14:30:12","slug":"810-2","status":"publish","type":"page","link":"https:\/\/kaijahinkula.com\/?page_id=810","title":{"rendered":""},"content":{"rendered":"<h3>Browse all works added to the web site<\/h3>\n<div>                                          <\/div><style type=\"text\/css\" scoped>.rbs_gallery_69f7518ae1633Spinner{\r\n\t\t\t\tmargin: 50px auto;\r\n\t\t\t\twidth: 50px;\r\n\t\t\t\theight: 40px;\r\n\t\t\t\ttext-align: center;\r\n\t\t\t\tfont-size: 10px;\r\n\t\t\t}\r\n\t\t\t.rbs_gallery_69f7518ae1633Spinner > div{\r\n\t\t\t  background-color: #333;\r\n\t\t\t  height: 100%;\r\n\t\t\t  width: 6px;\r\n\t\t\t  display: inline-block;\r\n\t\t\t  -webkit-animation: rbs_gallery_69f7518ae1633-stretchdelay 1.2s infinite ease-in-out;\r\n\t\t\t  animation: rbs_gallery_69f7518ae1633-stretchdelay 1.2s infinite ease-in-out;\r\n\t\t\t}\r\n\t\t\t.rbs_gallery_69f7518ae1633Spinner .rbs_gallery_69f7518ae1633Rect2 {\r\n\t\t\t  -webkit-animation-delay: -1.1s;\r\n\t\t\t  animation-delay: -1.1s;\r\n\t\t\t}\r\n\t\t\t.rbs_gallery_69f7518ae1633Spinner .rbs_gallery_69f7518ae1633Rect3 {\r\n\t\t\t  -webkit-animation-delay: -1.0s;\r\n\t\t\t  animation-delay: -1.0s;\r\n\t\t\t}\r\n\t\t\t.rbs_gallery_69f7518ae1633Spinner .rbs_gallery_69f7518ae1633Rect4 {\r\n\t\t\t  -webkit-animation-delay: -0.9s;\r\n\t\t\t  animation-delay: -0.9s;\r\n\t\t\t}\r\n\t\t\t.rbs_gallery_69f7518ae1633Spinner .rbs_gallery_69f7518ae1633Rect5 {\r\n\t\t\t  -webkit-animation-delay: -0.8s;\r\n\t\t\t  animation-delay: -0.8s;\r\n\t\t\t}\r\n\t\t\t@-webkit-keyframes rbs_gallery_69f7518ae1633-stretchdelay {\r\n\t\t\t  0%, 40%, 100% { -webkit-transform: scaleY(0.4) }  \r\n\t\t\t  20% { -webkit-transform: scaleY(1.0) }\r\n\t\t\t}\r\n\t\t\t@keyframes rbs_gallery_69f7518ae1633-stretchdelay {\r\n\t\t\t  0%, 40%, 100% { \r\n\t\t\t    transform: scaleY(0.4);\r\n\t\t\t    -webkit-transform: scaleY(0.4);\r\n\t\t\t  }  20% { \r\n\t\t\t    transform: scaleY(1.0);\r\n\t\t\t    -webkit-transform: scaleY(1.0);\r\n\t\t\t  }\r\n\t\t\t}\r\n\t\t<\/style><div class=\"robo-gallery-wrap robo-gallery-wrap-id155 robo-gallery-\" ><div id=\"rbs_gallery_69f7518ae1633-block-loader\" class=\"rbs_gallery_69f7518ae1633Spinner\"><div class=\"rbs_gallery_69f7518ae1633Rect1\"><\/div> <div class=\"rbs_gallery_69f7518ae1633Rect2\"><\/div> <div class=\"rbs_gallery_69f7518ae1633Rect3\"><\/div> <div class=\"rbs_gallery_69f7518ae1633Rect4\"><\/div> <div class=\"rbs_gallery_69f7518ae1633Rect5\"><\/div><\/div><div id=\"robo_gallery_main_block_rbs_gallery_69f7518ae1633\" class=\"robogallery-gallery-155\" style=\"width:100%;padding-left:10px;  display: none;\"><div id=\"rbs_gallery_69f7518ae1633\" data-options=\"rbs_gallery_69f7518ae1633\" style=\"width:100%;\" class=\"robo_gallery  \"><div class=\"rbs-img  category155 \" ><div class=\"rbs-img-image   rbs-lightbox \" ><div class=\"rbs-img-thumbs\"  data-thumbnail=\"https:\/\/kaijahinkula.com\/wp-content\/uploads\/2018\/02\/Untitled-4-1024x741.jpg\"  title=\"The Yellow Painting\"  data-width=\"1024\"  data-height=\"741\" ><\/div><div class=\"rbs-img-data-popup\"  data-popup=\"https:\/\/kaijahinkula.com\/wp-content\/uploads\/2018\/02\/Untitled-4.jpg\"  title=\"THE YELLOW PAINTING \u2013\n5000m2, Lappeenranta, 2016\" ><\/div><\/div><\/div><div class=\"rbs-img  category922 \" ><div class=\"rbs-img-image   rbs-lightbox \" ><div class=\"rbs-img-thumbs\"  data-thumbnail=\"https:\/\/kaijahinkula.com\/wp-content\/uploads\/2025\/10\/kaijahinkulaleikattu-1-769x1024.jpg\"  title=\"\"  data-width=\"769\"  data-height=\"1024\" ><\/div><div class=\"rbs-img-data-popup\"  data-popup=\"https:\/\/kaijahinkula.com\/wp-content\/uploads\/2025\/10\/kaijahinkulaleikattu-1-scaled.jpg\"  title=\"Tactic Nexus, House in Translation, CPI Island, Chengdu China\" ><\/div><\/div><\/div><div class=\"rbs-img  category922 \" ><div class=\"rbs-img-image   rbs-lightbox \" ><div class=\"rbs-img-thumbs\"  data-thumbnail=\"https:\/\/kaijahinkula.com\/wp-content\/uploads\/2025\/10\/22.jpg\"  title=\"\"  data-width=\"600\"  data-height=\"799\" ><\/div><div class=\"rbs-img-data-popup\"  data-popup=\"https:\/\/kaijahinkula.com\/wp-content\/uploads\/2025\/10\/22.jpg\"  title=\"Tactic Nexus, House in Translation, CPI Island, Chengdu China\" ><\/div><\/div><\/div><div class=\"rbs-img  category922 \" ><div class=\"rbs-img-image   rbs-lightbox \" ><div class=\"rbs-img-thumbs\"  data-thumbnail=\"https:\/\/kaijahinkula.com\/wp-content\/uploads\/2025\/10\/FTAT6887-2-768x1024.jpg\"  title=\"\"  data-width=\"768\"  data-height=\"1024\" ><\/div><div class=\"rbs-img-data-popup\"  data-popup=\"https:\/\/kaijahinkula.com\/wp-content\/uploads\/2025\/10\/FTAT6887-2-scaled.jpg\"  title=\"Tactic Nexus, House in Translation, CPI Island, Chengdu China\" ><\/div><\/div><\/div><div class=\"rbs-img  category922 \" ><div class=\"rbs-img-image   rbs-lightbox \" ><div class=\"rbs-img-thumbs\"  data-thumbnail=\"https:\/\/kaijahinkula.com\/wp-content\/uploads\/2025\/12\/KaijaHinkula12-768x1024.jpg\"  title=\"\"  data-width=\"768\"  data-height=\"1024\" ><\/div><div class=\"rbs-img-data-popup\"  data-popup=\"https:\/\/kaijahinkula.com\/wp-content\/uploads\/2025\/12\/KaijaHinkula12-scaled.jpg\"  title=\"Flow3r+hors3=yEllow, Industra, Brno, CZ 2025-26\" ><\/div><\/div><\/div><div class=\"rbs-img  category922 \" ><div class=\"rbs-img-image   rbs-lightbox \" ><div class=\"rbs-img-thumbs\"  data-thumbnail=\"https:\/\/kaijahinkula.com\/wp-content\/uploads\/2025\/12\/KaijaHinkula1-768x1024.jpg\"  title=\"\"  data-width=\"768\"  data-height=\"1024\" ><\/div><div class=\"rbs-img-data-popup\"  data-popup=\"https:\/\/kaijahinkula.com\/wp-content\/uploads\/2025\/12\/KaijaHinkula1-scaled.jpg\"  title=\"Flow3r+hors3=yEllow, Industra, Brno, CZ 2025-26\" ><\/div><\/div><\/div><div class=\"rbs-img  category922 \" ><div class=\"rbs-img-image   rbs-lightbox \" ><div class=\"rbs-img-thumbs\"  data-thumbnail=\"https:\/\/kaijahinkula.com\/wp-content\/uploads\/2026\/04\/5-768x1024.jpg\"  title=\"\"  data-width=\"768\"  data-height=\"1024\" ><\/div><div class=\"rbs-img-data-popup\"  data-popup=\"https:\/\/kaijahinkula.com\/wp-content\/uploads\/2026\/04\/5-scaled.jpg\"  title=\"Flow3r+hors3=yEllow, Industra, Brno, CZ 2025-26\" ><\/div><\/div><\/div><div class=\"rbs-img  category922 \" ><div class=\"rbs-img-image   rbs-lightbox \" ><div class=\"rbs-img-thumbs\"  data-thumbnail=\"https:\/\/kaijahinkula.com\/wp-content\/uploads\/2025\/06\/tila2-793x1024.jpg\"  title=\"\"  data-width=\"793\"  data-height=\"1024\" ><\/div><div class=\"rbs-img-data-popup\"  data-popup=\"https:\/\/kaijahinkula.com\/wp-content\/uploads\/2025\/06\/tila2-scaled.jpg\"  title=\"ISCP, New York 2025\" ><\/div><\/div><\/div><div class=\"rbs-img  category922 \" ><div class=\"rbs-img-image   rbs-lightbox \" ><div class=\"rbs-img-thumbs\"  data-thumbnail=\"https:\/\/kaijahinkula.com\/wp-content\/uploads\/2025\/06\/tila1-796x1024.jpg\"  title=\"\"  data-width=\"796\"  data-height=\"1024\" ><\/div><div class=\"rbs-img-data-popup\"  data-popup=\"https:\/\/kaijahinkula.com\/wp-content\/uploads\/2025\/06\/tila1-scaled.jpg\"  title=\"ISCP, New York 2025\" ><\/div><\/div><\/div><div class=\"rbs-img  category922 \" ><div class=\"rbs-img-image   rbs-lightbox \" ><div class=\"rbs-img-thumbs\"  data-thumbnail=\"https:\/\/kaijahinkula.com\/wp-content\/uploads\/2025\/08\/punainen-790x1024.jpg\"  title=\"\"  data-width=\"790\"  data-height=\"1024\" ><\/div><div class=\"rbs-img-data-popup\"  data-popup=\"https:\/\/kaijahinkula.com\/wp-content\/uploads\/2025\/08\/punainen-scaled.jpg\"  title=\"\" ><\/div><\/div><\/div><div class=\"rbs-img  category922 \" ><div class=\"rbs-img-image   rbs-lightbox \" ><div class=\"rbs-img-thumbs\"  data-thumbnail=\"https:\/\/kaijahinkula.com\/wp-content\/uploads\/2025\/04\/IMG20250403173515-3-791x1024.jpg\"  title=\"Kaija Hinkula\"  data-width=\"791\"  data-height=\"1024\" ><\/div><div class=\"rbs-img-data-popup\"  data-popup=\"https:\/\/kaijahinkula.com\/wp-content\/uploads\/2025\/04\/IMG20250403173515-3-scaled.jpg\"  title=\"Tactic Nexus, part I, painted plywood, readymades, 101x81cm 2025\" ><\/div><\/div><\/div><div class=\"rbs-img  category922 \" ><div class=\"rbs-img-image   rbs-lightbox \" ><div class=\"rbs-img-thumbs\"  data-thumbnail=\"https:\/\/kaijahinkula.com\/wp-content\/uploads\/2025\/04\/IMG20250415100513-1-3-790x1024.jpg\"  title=\"Kaija Hinkula\"  data-width=\"790\"  data-height=\"1024\" ><\/div><div class=\"rbs-img-data-popup\"  data-popup=\"https:\/\/kaijahinkula.com\/wp-content\/uploads\/2025\/04\/IMG20250415100513-1-3-scaled.jpg\"  title=\"Tactic Nexus, part II, painted plywood, readymades, 101x81cm, 2025\" ><\/div><\/div><\/div><div class=\"rbs-img  category922 \" ><div class=\"rbs-img-image   rbs-lightbox \" ><div class=\"rbs-img-thumbs\"  data-thumbnail=\"https:\/\/kaijahinkula.com\/wp-content\/uploads\/2025\/11\/KaijaHinkulaChina3-790x1024.jpg\"  title=\"\"  data-width=\"790\"  data-height=\"1024\" ><\/div><div class=\"rbs-img-data-popup\"  data-popup=\"https:\/\/kaijahinkula.com\/wp-content\/uploads\/2025\/11\/KaijaHinkulaChina3-scaled.jpg\"  title=\"Tactic Nexus, House in Translation, CPI Island, Chengdu China\" ><\/div><\/div><\/div><div class=\"rbs-img  category922 \" ><div class=\"rbs-img-image   rbs-lightbox \" ><div class=\"rbs-img-thumbs\"  data-thumbnail=\"https:\/\/kaijahinkula.com\/wp-content\/uploads\/2025\/08\/jalka-790x1024.jpg\"  title=\"\"  data-width=\"790\"  data-height=\"1024\" ><\/div><div class=\"rbs-img-data-popup\"  data-popup=\"https:\/\/kaijahinkula.com\/wp-content\/uploads\/2025\/08\/jalka-scaled.jpg\"  title=\"\" ><\/div><\/div><\/div><div class=\"rbs-img  category922 \" ><div class=\"rbs-img-image   rbs-lightbox \" ><div class=\"rbs-img-thumbs\"  data-thumbnail=\"https:\/\/kaijahinkula.com\/wp-content\/uploads\/2025\/08\/huulet2-1-790x1024.jpg\"  title=\"\"  data-width=\"790\"  data-height=\"1024\" ><\/div><div class=\"rbs-img-data-popup\"  data-popup=\"https:\/\/kaijahinkula.com\/wp-content\/uploads\/2025\/08\/huulet2-1-scaled.jpg\"  title=\"\" ><\/div><\/div><\/div><div class=\"rbs-img  category922 \" ><div class=\"rbs-img-image   rbs-lightbox \" ><div class=\"rbs-img-thumbs\"  data-thumbnail=\"https:\/\/kaijahinkula.com\/wp-content\/uploads\/2025\/08\/IMG20250801183515-1-790x1024.jpg\"  title=\"\"  data-width=\"790\"  data-height=\"1024\" ><\/div><div class=\"rbs-img-data-popup\"  data-popup=\"https:\/\/kaijahinkula.com\/wp-content\/uploads\/2025\/08\/IMG20250801183515-1-scaled.jpg\"  title=\"\" ><\/div><\/div><\/div><div class=\"rbs-img  category902 \" ><div class=\"rbs-img-image   rbs-lightbox \" ><div class=\"rbs-img-thumbs\"  data-thumbnail=\"https:\/\/kaijahinkula.com\/wp-content\/uploads\/2025\/04\/Kaija-Hinkula-Puutarhuri-minitaidekaappi-2024-1-1024x683.jpg\"  title=\"Kaija Hinkula: Puutarhuri, 2024\"  data-width=\"1024\"  data-height=\"683\" ><\/div><div class=\"rbs-img-data-popup\"  data-popup=\"https:\/\/kaijahinkula.com\/wp-content\/uploads\/2025\/04\/Kaija-Hinkula-Puutarhuri-minitaidekaappi-2024-1-scaled.jpg\"  title=\"Kaija Hinkula: Puutarhuri, 2024 sekatekniikka, Oulun taidemuseon kuvakokoelmat\" ><\/div><\/div><\/div><div class=\"rbs-img  category902 \" ><div class=\"rbs-img-image   rbs-lightbox \" ><div class=\"rbs-img-thumbs\"  data-thumbnail=\"https:\/\/kaijahinkula.com\/wp-content\/uploads\/2025\/04\/Kaija-Hinkula-Puutarhuri-minitaidekaappi-2024-5-1024x683.jpg\"  title=\"Kaija Hinkula: Puutarhuri, 2024\"  data-width=\"1024\"  data-height=\"683\" ><\/div><div class=\"rbs-img-data-popup\"  data-popup=\"https:\/\/kaijahinkula.com\/wp-content\/uploads\/2025\/04\/Kaija-Hinkula-Puutarhuri-minitaidekaappi-2024-5-scaled.jpg\"  title=\"Kaija Hinkula: Puutarhuri, 2024 sekatekniikka, Oulun taidemuseon kuvakokoelmat\" ><\/div><\/div><\/div><div class=\"rbs-img  category902 \" ><div class=\"rbs-img-image   rbs-lightbox \" ><div class=\"rbs-img-thumbs\"  data-thumbnail=\"https:\/\/kaijahinkula.com\/wp-content\/uploads\/2025\/04\/Kaija-Hinkula-Puutarhuri-minitaidekaappi-2024-3-1024x683.jpg\"  title=\"Kaija Hinkula: Puutarhuri, 2024\"  data-width=\"1024\"  data-height=\"683\" ><\/div><div class=\"rbs-img-data-popup\"  data-popup=\"https:\/\/kaijahinkula.com\/wp-content\/uploads\/2025\/04\/Kaija-Hinkula-Puutarhuri-minitaidekaappi-2024-3-scaled.jpg\"  title=\"Kaija Hinkula: Puutarhuri, 2024 sekatekniikka, Oulun taidemuseon kuvakokoelmat\" ><\/div><\/div><\/div><div class=\"rbs-img  category881 \" ><div class=\"rbs-img-image   rbs-lightbox \" ><div class=\"rbs-img-thumbs\"  data-thumbnail=\"https:\/\/kaijahinkula.com\/wp-content\/uploads\/2018\/04\/2_www-838x1024.jpg\"  title=\"2_www\"  data-width=\"838\"  data-height=\"1024\" ><\/div><div class=\"rbs-img-data-popup\"  data-popup=\"https:\/\/kaijahinkula.com\/wp-content\/uploads\/2018\/04\/2_www.jpg\"  title=\"Tropical, oil on mdf board 160x130cm 2016\" ><\/div><\/div><\/div><div class=\"rbs-img  category881 \" ><div class=\"rbs-img-image   rbs-lightbox \" ><div class=\"rbs-img-thumbs\"  data-thumbnail=\"https:\/\/kaijahinkula.com\/wp-content\/uploads\/2018\/04\/7_www.jpg\"  title=\"7_www\"  data-width=\"1000\"  data-height=\"708\" ><\/div><div class=\"rbs-img-data-popup\"  data-popup=\"https:\/\/kaijahinkula.com\/wp-content\/uploads\/2018\/04\/7_www.jpg\"  title=\"Indian Express, TM Gallery, Helsinki 2016, kuva: Hanna Per\u00e4kyl\u00e4\" ><\/div><\/div><\/div><div class=\"rbs-img  category881 \" ><div class=\"rbs-img-image   rbs-lightbox \" ><div class=\"rbs-img-thumbs\"  data-thumbnail=\"https:\/\/kaijahinkula.com\/wp-content\/uploads\/2018\/05\/arsk\u00e4rs\u00e4m\u00e4ki.jpg\"  title=\"arsk\u00e4rs\u00e4m\u00e4ki\"  data-width=\"748\"  data-height=\"744\" ><\/div><div class=\"rbs-img-data-popup\"  data-popup=\"https:\/\/kaijahinkula.com\/wp-content\/uploads\/2018\/05\/arsk\u00e4rs\u00e4m\u00e4ki.jpg\"  title=\"A Million Gods, Ars K\u00e4rs\u00e4m\u00e4ki, 2016\" ><\/div><\/div><\/div><div class=\"rbs-img  category881 \" ><div class=\"rbs-img-image   rbs-lightbox \" ><div class=\"rbs-img-thumbs\"  data-thumbnail=\"https:\/\/kaijahinkula.com\/wp-content\/uploads\/2018\/04\/3_www-717x1024.jpg\"  title=\"3_www\"  data-width=\"717\"  data-height=\"1024\" ><\/div><div class=\"rbs-img-data-popup\"  data-popup=\"https:\/\/kaijahinkula.com\/wp-content\/uploads\/2018\/04\/3_www.jpg\"  title=\"A Million Gods, part of the installation, oil on mdf board 2016\" ><\/div><\/div><\/div><div class=\"rbs-img  category881 \" ><div class=\"rbs-img-image   rbs-lightbox \" ><div class=\"rbs-img-thumbs\"  data-thumbnail=\"https:\/\/kaijahinkula.com\/wp-content\/uploads\/2018\/04\/4_www.jpg\"  title=\"4_www\"  data-width=\"1000\"  data-height=\"594\" ><\/div><div class=\"rbs-img-data-popup\"  data-popup=\"https:\/\/kaijahinkula.com\/wp-content\/uploads\/2018\/04\/4_www.jpg\"  title=\"Indian Express, TM Galleria, Helsinki 2016\" ><\/div><\/div><\/div><div class=\"rbs-img  category881 \" ><div class=\"rbs-img-image   rbs-lightbox \" ><div class=\"rbs-img-thumbs\"  data-thumbnail=\"https:\/\/kaijahinkula.com\/wp-content\/uploads\/2018\/04\/1_www-1-741x1024.jpg\"  title=\"1_www\"  data-width=\"741\"  data-height=\"1024\" ><\/div><div class=\"rbs-img-data-popup\"  data-popup=\"https:\/\/kaijahinkula.com\/wp-content\/uploads\/2018\/04\/1_www-1.jpg\"  title=\"The Game (Over), part of the installation, oil on and board 2017\" ><\/div><\/div><\/div><div class=\"rbs-img  category881 \" ><div class=\"rbs-img-image   rbs-lightbox \" ><div class=\"rbs-img-thumbs\"  data-thumbnail=\"https:\/\/kaijahinkula.com\/wp-content\/uploads\/2018\/04\/8-2_www.jpg\"  title=\"8-(2)_www\"  data-width=\"1000\"  data-height=\"649\" ><\/div><div class=\"rbs-img-data-popup\"  data-popup=\"https:\/\/kaijahinkula.com\/wp-content\/uploads\/2018\/04\/8-2_www.jpg\"  title=\"Indian Express, TM Gallery, Helsinki 2018, kuva: Hanna Per\u00e4kyl\u00e4\" ><\/div><\/div><\/div><div class=\"rbs-img  category881 \" ><div class=\"rbs-img-image   rbs-lightbox \" ><div class=\"rbs-img-thumbs\"  data-thumbnail=\"https:\/\/kaijahinkula.com\/wp-content\/uploads\/2018\/04\/1_www.jpg\"  title=\"1_www\"  data-width=\"1000\"  data-height=\"1000\" ><\/div><div class=\"rbs-img-data-popup\"  data-popup=\"https:\/\/kaijahinkula.com\/wp-content\/uploads\/2018\/04\/1_www.jpg\"  title=\"Indian Express, oil on mdf board, 100x100cm 2016, Collection of Oulu Art Museum\" ><\/div><\/div><\/div><div class=\"rbs-img  category881 \" ><div class=\"rbs-img-image   rbs-lightbox \" ><div class=\"rbs-img-thumbs\"  data-thumbnail=\"https:\/\/kaijahinkula.com\/wp-content\/uploads\/2019\/08\/888.jpg\"  title=\"888\"  data-width=\"451\"  data-height=\"431\" ><\/div><div class=\"rbs-img-data-popup\"  data-popup=\"https:\/\/kaijahinkula.com\/wp-content\/uploads\/2019\/08\/888.jpg\"  title=\"Studio, 2016\" ><\/div><\/div><\/div><div class=\"rbs-img  category881 \" ><div class=\"rbs-img-image   rbs-lightbox \" ><div class=\"rbs-img-thumbs\"  data-thumbnail=\"https:\/\/kaijahinkula.com\/wp-content\/uploads\/2018\/04\/4_www-1.jpg\"  title=\"4_www\"  data-width=\"1000\"  data-height=\"701\" ><\/div><div class=\"rbs-img-data-popup\"  data-popup=\"https:\/\/kaijahinkula.com\/wp-content\/uploads\/2018\/04\/4_www-1.jpg\"  title=\"Omnia Vanitas, Game (Over), Napa Gallery 2017\" ><\/div><\/div><\/div><div class=\"rbs-img  category881 \" ><div class=\"rbs-img-image   rbs-lightbox \" ><div class=\"rbs-img-thumbs\"  data-thumbnail=\"https:\/\/kaijahinkula.com\/wp-content\/uploads\/2018\/04\/5-2_www-741x1024.jpg\"  title=\"5-(2)_www\"  data-width=\"741\"  data-height=\"1024\" ><\/div><div class=\"rbs-img-data-popup\"  data-popup=\"https:\/\/kaijahinkula.com\/wp-content\/uploads\/2018\/04\/5-2_www.jpg\"  title=\"A Million Gods, part of the installation, oil on mdf board 2016\" ><\/div><\/div><\/div><div class=\"rbs-img  category881 \" ><div class=\"rbs-img-image   rbs-lightbox \" ><div class=\"rbs-img-thumbs\"  data-thumbnail=\"https:\/\/kaijahinkula.com\/wp-content\/uploads\/2018\/04\/3_www-1-741x1024.jpg\"  title=\"\"  data-width=\"741\"  data-height=\"1024\" ><\/div><div class=\"rbs-img-data-popup\"  data-popup=\"https:\/\/kaijahinkula.com\/wp-content\/uploads\/2018\/04\/3_www-1.jpg\"  title=\"Game ( Over ) , part of the installation, oil on mdf board 2017\" ><\/div><\/div><\/div><div class=\"rbs-img  category881 \" ><div class=\"rbs-img-image   rbs-lightbox \" ><div class=\"rbs-img-thumbs\"  data-thumbnail=\"https:\/\/kaijahinkula.com\/wp-content\/uploads\/2018\/04\/2_www-1-741x1024.jpg\"  title=\"2_www\"  data-width=\"741\"  data-height=\"1024\" ><\/div><div class=\"rbs-img-data-popup\"  data-popup=\"https:\/\/kaijahinkula.com\/wp-content\/uploads\/2018\/04\/2_www-1.jpg\"  title=\"Game (Over), part of the installation, oil on mdf board 2017\" ><\/div><\/div><\/div><\/div><\/div><\/div><script>var rbs_gallery_69f7518ae1633 = {\"version\":\"5.1.4\",\"id\":155,\"class\":\"id155\",\"roboGalleryDelay\":1000,\"mainContainer\":\"#robo_gallery_main_block_rbs_gallery_69f7518ae1633\",\"loadingContainer\":\"#rbs_gallery_69f7518ae1633-block-loader\",\"loadingContainerObj\":\"rbs_gallery_69f7518ae1633-block-loader\",\"columnWidth\":\"auto\",\"columns\":3,\"resolutions\":[{\"columnWidth\":\"auto\",\"columns\":3,\"maxWidth\":960},{\"columnWidth\":\"auto\",\"columns\":2,\"maxWidth\":650},{\"columnWidth\":\"auto\",\"columns\":2,\"maxWidth\":450}],\"deepLinking\":1,\"lightboxOptions\":{\"gallery\":{\"enabled\":true,\"tCounter\":\"%curr% \\\/ %total%\"}},\"facebook\":true,\"twitter\":true,\"pinterest\":true,\"overlayEffect\":\"direction-aware-fade\",\"boxesToLoadStart\":18,\"boxesToLoad\":9,\"waitUntilThumbLoads\":1,\"LoadingWord\":\"Loading...\",\"loadMoreWord\":\"Load More \\u00bb\",\"noMoreEntriesWord\":\"No More Entries\",\"horizontalSpaceBetweenBoxes\":15,\"verticalSpaceBetweenBoxes\":15,\"lazyLoad\":0,\"wrapContainer\":\"#robo-gallery-wrap-rbs_gallery_69f7518ae1633\"};<\/script><div>                                          <\/div>\n","protected":false},"excerpt":{"rendered":"<p>Browse all works added to the web site<\/p>\n","protected":false},"author":1,"featured_media":0,"parent":72,"menu_order":0,"comment_status":"closed","ping_status":"closed","template":"","meta":{"footnotes":""},"class_list":["post-810","page","type-page","status-publish","hentry"],"jetpack_sharing_enabled":true,"_links":{"self":[{"href":"https:\/\/kaijahinkula.com\/index.php?rest_route=\/wp\/v2\/pages\/810","targetHints":{"allow":["GET"]}}],"collection":[{"href":"https:\/\/kaijahinkula.com\/index.php?rest_route=\/wp\/v2\/pages"}],"about":[{"href":"https:\/\/kaijahinkula.com\/index.php?rest_route=\/wp\/v2\/types\/page"}],"author":[{"embeddable":true,"href":"https:\/\/kaijahinkula.com\/index.php?rest_route=\/wp\/v2\/users\/1"}],"replies":[{"embeddable":true,"href":"https:\/\/kaijahinkula.com\/index.php?rest_route=%2Fwp%2Fv2%2Fcomments&post=810"}],"version-history":[{"count":3,"href":"https:\/\/kaijahinkula.com\/index.php?rest_route=\/wp\/v2\/pages\/810\/revisions"}],"predecessor-version":[{"id":813,"href":"https:\/\/kaijahinkula.com\/index.php?rest_route=\/wp\/v2\/pages\/810\/revisions\/813"}],"up":[{"embeddable":true,"href":"https:\/\/kaijahinkula.com\/index.php?rest_route=\/wp\/v2\/pages\/72"}],"wp:attachment":[{"href":"https:\/\/kaijahinkula.com\/index.php?rest_route=%2Fwp%2Fv2%2Fmedia&parent=810"}],"curies":[{"name":"wp","href":"https:\/\/api.w.org\/{rel}","templated":true}]}}